{"id":1101,"date":"2023-11-11T07:53:21","date_gmt":"2023-11-11T07:53:21","guid":{"rendered":"https:\/\/bodystorer.com\/?page_id=1101"},"modified":"2023-11-11T07:53:21","modified_gmt":"2023-11-11T07:53:21","slug":"about-us","status":"publish","type":"page","link":"https:\/\/bodystorer.com\/ro\/about-us\/","title":{"rendered":"Despre noi"},"content":{"rendered":"\n<p class=\" eplus-wrapper\">Bodystorer Ltd. este o filial\u0103 a companiei INCH-FRIGO EOOD \u2013 o companie de familie care de peste 25 de ani este produc\u0103tor de sisteme frigorifice.<\/p>\n\n\n\n<p class=\" eplus-wrapper\">Sediul central al companiei este situat \u00een mun. Plovdiv, Bulgaria. Din 2013, compania a intrat cu succes pe pia\u021ba rom\u00e2neasc\u0103 cu instala\u021biile sale frigorifice, unde creeaz\u0103 parteneriate de lung\u0103 durat\u0103.<\/p>\n\n\n<div class=\"wp-block-image is-style-blob-5\">\n<figure class=\"alignleft size-medium eplus-wrapper\"><img loading=\"lazy\" decoding=\"async\" width=\"300\" height=\"279\" src=\"https:\/\/bodystorer.com\/wp-content\/uploads\/2023\/05\/niki-300x279.jpg\" alt=\"\" class=\"wp-image-448\" srcset=\"https:\/\/bodystorer.com\/wp-content\/uploads\/2023\/05\/niki-300x279.jpg 300w, https:\/\/bodystorer.com\/wp-content\/uploads\/2023\/05\/niki-1024x952.jpg 1024w, https:\/\/bodystorer.com\/wp-content\/uploads\/2023\/05\/niki-768x714.jpg 768w, https:\/\/bodystorer.com\/wp-content\/uploads\/2023\/05\/niki-1536x1428.jpg 1536w, https:\/\/bodystorer.com\/wp-content\/uploads\/2023\/05\/niki-2048x1904.jpg 2048w\" sizes=\"auto, (max-width: 300px) 100vw, 300px\" \/><figcaption class=\"wp-element-caption\"><strong>Cu stim\u0103<br>Ing. Chalakov Nikolay<\/strong><\/figcaption><\/figure>\n<\/div>\n\n\n<p class=\" eplus-wrapper\">Scopul companiei Bodystorer este de a ajuta angaja\u021bii \u0219i consultan\u021bii de la agen\u021biile de pompe funebre \u0219i servicii funerare s\u0103-\u0219i desf\u0103\u0219oare munca de zi cu zi cu mai mult\u0103 u\u0219urin\u021b\u0103 prin sistemele de inginerie \u0219i instala\u021biile frigorifice produse de companie. Datorit\u0103 acestora, procesul legat de primirea defunctului, r\u0103cirea \u0219i manipularea acestuia \u00een cele mai multe cazuri poate fi efectuat\u0103 de c\u0103tre o singur\u0103 persoan\u0103.<\/p>\n\n\n\n<p class=\" eplus-wrapper\">Calitatea \u00eenalt\u0103 a produselor \u0219i fiabilitatea echipamentelor frigorifice reprezint\u0103 o garan\u021bie pentru o func\u021bionare f\u0103r\u0103 probleme, ceea ce va contribui la buna imagine a agen\u021biei dumneavoastr\u0103 funerare.<br>Sunte\u021bi bine veni\u021bi la baza noastr\u0103 de produc\u021bie, unde v\u0103 vom \u00eent\u00e2mpina cu pl\u0103cere \u0219i v\u0103 vom ar\u0103ta noile noastre produse.<\/p>\n\n\n\n<p class=\" eplus-wrapper\">Vom fi deosebit de bucuro\u0219i s\u0103 v\u0103 ajut\u0103m \u0219i s\u0103 stabilim o cooperare pe termen lung.<\/p>\n","protected":false},"excerpt":{"rendered":"<p>Bodystorer Ltd. este o filial\u0103 a companiei INCH-FRIGO EOOD \u2013 o companie de familie care de peste 25 de ani este produc\u0103tor de sisteme frigorifice. Sediul central al companiei este situat \u00een mun. Plovdiv, Bulgaria. Din 2013, compania a intrat cu succes pe pia\u021ba rom\u00e2neasc\u0103 cu instala\u021biile sale frigorifice, unde creeaz\u0103 parteneriate de lung\u0103 durat\u0103. &#8230; <a title=\"Despre noi\" class=\"read-more\" href=\"https:\/\/bodystorer.com\/ro\/about-us\/\" aria-label=\"More on Despre noi\">Read more<\/a><\/p>\n","protected":false},"author":2,"featured_media":0,"parent":0,"menu_order":0,"comment_status":"closed","ping_status":"closed","template":"","meta":{"_uag_custom_page_level_css":"","editor_plus_copied_stylings":"{}","footnotes":""},"class_list":["post-1101","page","type-page","status-publish"],"yoast_head":"<!-- This site is optimized with the Yoast SEO plugin v21.0 - https:\/\/yoast.com\/wordpress\/plugins\/seo\/ -->\n<title>Despre noi - Body storer<\/title>\n<meta name=\"robots\" content=\"index, follow, max-snippet:-1, max-image-preview:large, max-video-preview:-1\" \/>\n<link rel=\"canonical\" href=\"https:\/\/bodystorer.com\/ro\/about-us\/\" \/>\n<meta property=\"og:locale\" content=\"ro_RO\" \/>\n<meta property=\"og:type\" content=\"article\" \/>\n<meta property=\"og:title\" content=\"Despre noi - Body storer\" \/>\n<meta property=\"og:description\" content=\"Bodystorer Ltd. este o filial\u0103 a companiei INCH-FRIGO EOOD \u2013 o companie de familie care de peste 25 de ani este produc\u0103tor de sisteme frigorifice. Sediul central al companiei este situat \u00een mun. Plovdiv, Bulgaria. Din 2013, compania a intrat cu succes pe pia\u021ba rom\u00e2neasc\u0103 cu instala\u021biile sale frigorifice, unde creeaz\u0103 parteneriate de lung\u0103 durat\u0103. ... Read more\" \/>\n<meta property=\"og:url\" content=\"https:\/\/bodystorer.com\/ro\/about-us\/\" \/>\n<meta property=\"og:site_name\" content=\"Body storer\" \/>\n<meta property=\"og:image\" content=\"https:\/\/bodystorer.com\/wp-content\/uploads\/2023\/05\/niki-300x279.jpg\" \/>\n<meta name=\"twitter:card\" content=\"summary_large_image\" \/>\n<meta name=\"twitter:label1\" content=\"Timp estimat pentru citire\" \/>\n\t<meta name=\"twitter:data1\" content=\"2 minute\" \/>\n<script type=\"application\/ld+json\" class=\"yoast-schema-graph\">{\"@context\":\"https:\/\/schema.org\",\"@graph\":[{\"@type\":\"WebPage\",\"@id\":\"https:\/\/bodystorer.com\/ro\/about-us\/\",\"url\":\"https:\/\/bodystorer.com\/ro\/about-us\/\",\"name\":\"Despre noi - Body storer\",\"isPartOf\":{\"@id\":\"https:\/\/bodystorer.com\/#website\"},\"datePublished\":\"2023-11-11T07:53:21+00:00\",\"dateModified\":\"2023-11-11T07:53:21+00:00\",\"breadcrumb\":{\"@id\":\"https:\/\/bodystorer.com\/ro\/about-us\/#breadcrumb\"},\"inLanguage\":\"ro-RO\",\"potentialAction\":[{\"@type\":\"ReadAction\",\"target\":[\"https:\/\/bodystorer.com\/ro\/about-us\/\"]}]},{\"@type\":\"BreadcrumbList\",\"@id\":\"https:\/\/bodystorer.com\/ro\/about-us\/#breadcrumb\",\"itemListElement\":[{\"@type\":\"ListItem\",\"position\":1,\"name\":\"Home\",\"item\":\"https:\/\/bodystorer.com\/ro\/\"},{\"@type\":\"ListItem\",\"position\":2,\"name\":\"Despre noi\"}]},{\"@type\":\"WebSite\",\"@id\":\"https:\/\/bodystorer.com\/#website\",\"url\":\"https:\/\/bodystorer.com\/\",\"name\":\"Body storer\",\"description\":\"\",\"publisher\":{\"@id\":\"https:\/\/bodystorer.com\/#organization\"},\"potentialAction\":[{\"@type\":\"SearchAction\",\"target\":{\"@type\":\"EntryPoint\",\"urlTemplate\":\"https:\/\/bodystorer.com\/?s={search_term_string}\"},\"query-input\":\"required name=search_term_string\"}],\"inLanguage\":\"ro-RO\"},{\"@type\":\"Organization\",\"@id\":\"https:\/\/bodystorer.com\/#organization\",\"name\":\"Body storer\",\"url\":\"https:\/\/bodystorer.com\/\",\"logo\":{\"@type\":\"ImageObject\",\"inLanguage\":\"ro-RO\",\"@id\":\"https:\/\/bodystorer.com\/#\/schema\/logo\/image\/\",\"url\":\"https:\/\/bodystorer.com\/wp-content\/uploads\/2023\/04\/bodystorer-logo-colour-2000px.png\",\"contentUrl\":\"https:\/\/bodystorer.com\/wp-content\/uploads\/2023\/04\/bodystorer-logo-colour-2000px.png\",\"width\":2000,\"height\":270,\"caption\":\"Body storer\"},\"image\":{\"@id\":\"https:\/\/bodystorer.com\/#\/schema\/logo\/image\/\"}}]}<\/script>\n<!-- \/ Yoast SEO plugin. -->","yoast_head_json":{"title":"Despre noi - Body storer","robots":{"index":"index","follow":"follow","max-snippet":"max-snippet:-1","max-image-preview":"max-image-preview:large","max-video-preview":"max-video-preview:-1"},"canonical":"https:\/\/bodystorer.com\/ro\/about-us\/","og_locale":"ro_RO","og_type":"article","og_title":"Despre noi - Body storer","og_description":"Bodystorer Ltd. este o filial\u0103 a companiei INCH-FRIGO EOOD \u2013 o companie de familie care de peste 25 de ani este produc\u0103tor de sisteme frigorifice. Sediul central al companiei este situat \u00een mun. Plovdiv, Bulgaria. Din 2013, compania a intrat cu succes pe pia\u021ba rom\u00e2neasc\u0103 cu instala\u021biile sale frigorifice, unde creeaz\u0103 parteneriate de lung\u0103 durat\u0103. ... Read more","og_url":"https:\/\/bodystorer.com\/ro\/about-us\/","og_site_name":"Body storer","og_image":[{"url":"https:\/\/bodystorer.com\/wp-content\/uploads\/2023\/05\/niki-300x279.jpg"}],"twitter_card":"summary_large_image","twitter_misc":{"Timp estimat pentru citire":"2 minute"},"schema":{"@context":"https:\/\/schema.org","@graph":[{"@type":"WebPage","@id":"https:\/\/bodystorer.com\/ro\/about-us\/","url":"https:\/\/bodystorer.com\/ro\/about-us\/","name":"Despre noi - Body storer","isPartOf":{"@id":"https:\/\/bodystorer.com\/#website"},"datePublished":"2023-11-11T07:53:21+00:00","dateModified":"2023-11-11T07:53:21+00:00","breadcrumb":{"@id":"https:\/\/bodystorer.com\/ro\/about-us\/#breadcrumb"},"inLanguage":"ro-RO","potentialAction":[{"@type":"ReadAction","target":["https:\/\/bodystorer.com\/ro\/about-us\/"]}]},{"@type":"BreadcrumbList","@id":"https:\/\/bodystorer.com\/ro\/about-us\/#breadcrumb","itemListElement":[{"@type":"ListItem","position":1,"name":"Home","item":"https:\/\/bodystorer.com\/ro\/"},{"@type":"ListItem","position":2,"name":"Despre noi"}]},{"@type":"WebSite","@id":"https:\/\/bodystorer.com\/#website","url":"https:\/\/bodystorer.com\/","name":"Body storer","description":"","publisher":{"@id":"https:\/\/bodystorer.com\/#organization"},"potentialAction":[{"@type":"SearchAction","target":{"@type":"EntryPoint","urlTemplate":"https:\/\/bodystorer.com\/?s={search_term_string}"},"query-input":"required name=search_term_string"}],"inLanguage":"ro-RO"},{"@type":"Organization","@id":"https:\/\/bodystorer.com\/#organization","name":"Body storer","url":"https:\/\/bodystorer.com\/","logo":{"@type":"ImageObject","inLanguage":"ro-RO","@id":"https:\/\/bodystorer.com\/#\/schema\/logo\/image\/","url":"https:\/\/bodystorer.com\/wp-content\/uploads\/2023\/04\/bodystorer-logo-colour-2000px.png","contentUrl":"https:\/\/bodystorer.com\/wp-content\/uploads\/2023\/04\/bodystorer-logo-colour-2000px.png","width":2000,"height":270,"caption":"Body storer"},"image":{"@id":"https:\/\/bodystorer.com\/#\/schema\/logo\/image\/"}}]}},"uagb_featured_image_src":{"full":false,"thumbnail":false,"medium":false,"medium_large":false,"large":false,"1536x1536":false,"2048x2048":false},"uagb_author_info":{"display_name":"niki","author_link":"https:\/\/bodystorer.com\/ro\/author\/niki\/"},"uagb_comment_info":0,"uagb_excerpt":"Bodystorer Ltd. este o filial\u0103 a companiei INCH-FRIGO EOOD \u2013 o companie de familie care de peste 25 de ani este produc\u0103tor de sisteme frigorifice. Sediul central al companiei este situat \u00een mun. Plovdiv, Bulgaria. Din 2013, compania a intrat cu succes pe pia\u021ba rom\u00e2neasc\u0103 cu instala\u021biile sale frigorifice, unde creeaz\u0103 parteneriate de lung\u0103 durat\u0103.&hellip;","_links":{"self":[{"href":"https:\/\/bodystorer.com\/ro\/wp-json\/wp\/v2\/pages\/1101","targetHints":{"allow":["GET"]}}],"collection":[{"href":"https:\/\/bodystorer.com\/ro\/wp-json\/wp\/v2\/pages"}],"about":[{"href":"https:\/\/bodystorer.com\/ro\/wp-json\/wp\/v2\/types\/page"}],"author":[{"embeddable":true,"href":"https:\/\/bodystorer.com\/ro\/wp-json\/wp\/v2\/users\/2"}],"replies":[{"embeddable":true,"href":"https:\/\/bodystorer.com\/ro\/wp-json\/wp\/v2\/comments?post=1101"}],"version-history":[{"count":2,"href":"https:\/\/bodystorer.com\/ro\/wp-json\/wp\/v2\/pages\/1101\/revisions"}],"predecessor-version":[{"id":1312,"href":"https:\/\/bodystorer.com\/ro\/wp-json\/wp\/v2\/pages\/1101\/revisions\/1312"}],"wp:attachment":[{"href":"https:\/\/bodystorer.com\/ro\/wp-json\/wp\/v2\/media?parent=1101"}],"curies":[{"name":"wp","href":"https:\/\/api.w.org\/{rel}","templated":true}]}}