{"id":1278,"date":"2023-11-11T07:53:22","date_gmt":"2023-11-11T07:53:22","guid":{"rendered":"https:\/\/bodystorer.com\/?page_id=1278"},"modified":"2023-11-11T07:53:22","modified_gmt":"2023-11-11T07:53:22","slug":"dw-ct01","status":"publish","type":"page","link":"https:\/\/bodystorer.com\/ro\/produse\/dw-ct01\/","title":{"rendered":"DW-CT01"},"content":{"rendered":"\n<p class=\" eplus-wrapper\"><\/p>\n\n\n<div class=\"wp-block-columns eplus-wrapper is-layout-flex wp-container-core-columns-is-layout-9d6595d7 wp-block-columns-is-layout-flex eplus-styles-uid-b69aa9\">\n<div class=\"wp-block-column eplus-wrapper is-layout-flow wp-block-column-is-layout-flow\" style=\"flex-basis:100%\"><div class=\"gb-container gb-container-020433d9\">\n<div class=\"gb-container gb-container-edd6e19c\">\n\n<div class=\"wp-block-uagb-container uagb-block-35466b23 default uagb-is-root-container\">\n<div class=\"wp-block-group eplus-wrapper is-nowrap is-layout-flex wp-container-core-group-is-layout-ad2f72ca wp-block-group-is-layout-flex\"><div class=\"wp-block-image \">\n<figure class=\"aligncenter size-full is-resized eplus-wrapper\"><img loading=\"lazy\" decoding=\"async\" width=\"466\" height=\"512\" src=\"https:\/\/bodystorer.com\/wp-content\/uploads\/2023\/10\/71f7qgtv2ql._ac_sx466_.jpg\" alt=\"\" class=\"wp-image-1150\" style=\"aspect-ratio:0.91015625;width:140px;height:auto\" srcset=\"https:\/\/bodystorer.com\/wp-content\/uploads\/2023\/10\/71f7qgtv2ql._ac_sx466_.jpg 466w, https:\/\/bodystorer.com\/wp-content\/uploads\/2023\/10\/71f7qgtv2ql._ac_sx466_-273x300.jpg 273w\" sizes=\"auto, (max-width: 466px) 100vw, 466px\" \/><\/figure>\n<\/div>\n\n\n<figure class=\"gb-block-image gb-block-image-799a68f9\"><img loading=\"lazy\" decoding=\"async\" width=\"344\" height=\"154\" class=\"gb-image gb-image-799a68f9\" src=\"https:\/\/bodystorer.com\/wp-content\/uploads\/2023\/05\/cw-ct01.jpg\" alt=\"\" title=\"CW-CT01\" srcset=\"https:\/\/bodystorer.com\/wp-content\/uploads\/2023\/05\/cw-ct01.jpg 344w, https:\/\/bodystorer.com\/wp-content\/uploads\/2023\/05\/cw-ct01-300x134.jpg 300w\" sizes=\"auto, (max-width: 344px) 100vw, 344px\"><\/figure>\n\n\n\n<figure class=\" wp-block-image size-full is-resized eplus-wrapper\"><img loading=\"lazy\" decoding=\"async\" width=\"466\" height=\"408\" src=\"https:\/\/bodystorer.com\/wp-content\/uploads\/2023\/10\/71lp-bhkhzl._ac_sx466_-1.jpg\" alt=\"\" class=\"wp-image-1285\" style=\"aspect-ratio:1.142156862745098;width:174px;height:auto\" srcset=\"https:\/\/bodystorer.com\/wp-content\/uploads\/2023\/10\/71lp-bhkhzl._ac_sx466_-1.jpg 466w, https:\/\/bodystorer.com\/wp-content\/uploads\/2023\/10\/71lp-bhkhzl._ac_sx466_-1-300x263.jpg 300w\" sizes=\"auto, (max-width: 466px) 100vw, 466px\" \/><\/figure>\n<\/div>\n<\/div>\n\n<\/div>\n<\/div><\/div>\n<\/div>\n\n\n<p class=\" eplus-wrapper\"><br><strong>Despre acest produs:<\/strong><\/p>\n\n\n<ul class=\"eplus-wrapper wp-block-list eplus-styles-uid-24798c\">\n<li class=\" eplus-wrapper\">Targa este fabricat\u0103 din o\u021bel inoxidabil, fiind o targ\u0103 rezistent\u0103 pentru sicriu.<\/li>\n<\/ul>\n\n<ul class=\"eplus-wrapper wp-block-list eplus-styles-uid-4e916f\">\n<li class=\" eplus-wrapper\">Aceasta are un cadru flexibil, f\u0103c\u00e2ndu-l u\u0219or de transportat pe sc\u0103ri, la cimitir \u0219i \u00een depozite.<\/li>\n<\/ul>\n\n<ul class=\"eplus-wrapper wp-block-list eplus-styles-uid-6e7c97\">\n<li class=\" eplus-wrapper\">Dimensiunile sunt de 1450 x 800 x 610 mm.<\/li>\n<\/ul>\n\n<ul class=\"eplus-wrapper wp-block-list eplus-styles-uid-d421fd\">\n<li class=\" eplus-wrapper\">Are 4 m\u00e2nere pliabile care faciliteaz\u0103 manevrarea \u0219i care pot fi de asemenea pliate atunci c\u00e2nd nu sunt folosite, economisind astfel spa\u021biu.<\/li>\n<\/ul>\n\n<ul class=\"eplus-wrapper wp-block-list eplus-styles-uid-ded4cb\">\n<li class=\" eplus-wrapper\">Capacitatea sa de \u00eenc\u0103rcare este de 450 kg. Echipat\u0103 cu 4 ro\u021bi, dintre care 2 au fr\u00e2ne pentru a men\u021bine stabilitatea c\u00e2nd este oprit\u0103.<\/li>\n<\/ul>\n\n\n<p class=\" eplus-wrapper\"><\/p>\n\n\n\n<h2 class=\" wp-block-heading has-text-align-center eplus-wrapper\">Formular de anchet\u0103<\/h2>\n\n\n\n<div class=\"wpcf7 no-js\" id=\"wpcf7-f28-o1\" lang=\"el\" dir=\"ltr\" data-wpcf7-id=\"28\">\n<div class=\"screen-reader-response\"><p role=\"status\" aria-live=\"polite\" aria-atomic=\"true\"><\/p> <ul><\/ul><\/div>\n<form action=\"\/ro\/wp-json\/wp\/v2\/pages\/1278#wpcf7-f28-o1\" method=\"post\" class=\"wpcf7-form init\" aria-label=\"\u03a6\u03cc\u03c1\u03bc\u03b1 \u03b5\u03c0\u03b9\u03ba\u03bf\u03b9\u03bd\u03c9\u03bd\u03af\u03b1\u03c2\" novalidate=\"novalidate\" data-status=\"init\">\n<fieldset class=\"hidden-fields-container\"><input type=\"hidden\" name=\"_wpcf7\" value=\"28\" \/><input type=\"hidden\" name=\"_wpcf7_version\" value=\"6.1.5\" \/><input type=\"hidden\" name=\"_wpcf7_locale\" value=\"el\" \/><input type=\"hidden\" name=\"_wpcf7_unit_tag\" value=\"wpcf7-f28-o1\" \/><input type=\"hidden\" name=\"_wpcf7_container_post\" value=\"0\" \/><input type=\"hidden\" name=\"_wpcf7_posted_data_hash\" value=\"\" \/>\n<\/fieldset>\n<p><label> \u03a4\u03bf \u03cc\u03bd\u03bf\u03bc\u03ac \u03c3\u03b1\u03c2<br \/>\n<span class=\"wpcf7-form-control-wrap\" data-name=\"your-name\"><input size=\"40\" maxlength=\"400\" class=\"wpcf7-form-control wpcf7-text wpcf7-validates-as-required\" autocomplete=\"name\" aria-required=\"true\" aria-invalid=\"false\" value=\"\" type=\"text\" name=\"your-name\" \/><\/span> <\/label>\n<\/p>\n<p><label> \u03a4\u03bf email \u03c3\u03b1\u03c2<br \/>\n<span class=\"wpcf7-form-control-wrap\" data-name=\"your-email\"><input size=\"40\" maxlength=\"400\" class=\"wpcf7-form-control wpcf7-email wpcf7-validates-as-required wpcf7-text wpcf7-validates-as-email\" autocomplete=\"email\" aria-required=\"true\" aria-invalid=\"false\" value=\"\" type=\"email\" name=\"your-email\" \/><\/span> <\/label>\n<\/p>\n<p><label> \u0398\u03ad\u03bc\u03b1<br \/>\n<span class=\"wpcf7-form-control-wrap\" data-name=\"your-subject\"><input size=\"40\" maxlength=\"400\" class=\"wpcf7-form-control wpcf7-text wpcf7-validates-as-required\" aria-required=\"true\" aria-invalid=\"false\" value=\"\" type=\"text\" name=\"your-subject\" \/><\/span> <\/label>\n<\/p>\n<p><label> \u03a4\u03bf \u03bc\u03ae\u03bd\u03c5\u03bc\u03ac \u03c3\u03b1\u03c2 (\u03c0\u03c1\u03bf\u03b1\u03b9\u03c1\u03b5\u03c4\u03b9\u03ba\u03cc)<br \/>\n<span class=\"wpcf7-form-control-wrap\" data-name=\"your-message\"><textarea cols=\"40\" rows=\"10\" maxlength=\"2000\" class=\"wpcf7-form-control wpcf7-textarea\" aria-invalid=\"false\" name=\"your-message\"><\/textarea><\/span> <\/label>\n<\/p>\n<p><input class=\"wpcf7-form-control wpcf7-submit has-spinner\" type=\"submit\" value=\"\u03a5\u03c0\u03bf\u03b2\u03bf\u03bb\u03ae\" \/>\n<\/p><p style=\"display: none !important;\" class=\"akismet-fields-container\" data-prefix=\"_wpcf7_ak_\"><label>&#916;<textarea name=\"_wpcf7_ak_hp_textarea\" cols=\"45\" rows=\"8\" maxlength=\"100\"><\/textarea><\/label><input type=\"hidden\" id=\"ak_js_1\" name=\"_wpcf7_ak_js\" value=\"43\"\/><script>document.getElementById( \"ak_js_1\" ).setAttribute( \"value\", ( new Date() ).getTime() );<\/script><\/p><div class=\"wpcf7-response-output\" aria-hidden=\"true\"><\/div>\n<\/form>\n<\/div>\n\n\n\n\n<div style=\"height:100px\" aria-hidden=\"true\" class=\" wp-block-spacer eplus-wrapper\"><\/div>\n\n\n\n<h3 class=\" wp-block-heading has-text-align-center eplus-wrapper\">Produse similare<\/h3>\n\n\n<div class=\"wp-block-columns are-vertically-aligned-center eplus-wrapper is-layout-flex wp-container-core-columns-is-layout-9d6595d7 wp-block-columns-is-layout-flex eplus-styles-uid-718590\">\n<div class=\"wp-block-column is-vertically-aligned-center eplus-wrapper is-layout-flow wp-block-column-is-layout-flow\">\n<h4 class=\" wp-block-heading has-text-align-center eplus-wrapper\"><span class=\"markedContent\" id=\"page39R_mcid1\"><span role=\"presentation\" dir=\"ltr\" style=\"left: calc(var(--scale-factor)*86.06px); top: calc(var(--scale-factor)*122.10px); font-size: calc(var(--scale-factor)*20.04px); font-family: sans-serif; transform: scaleX(1.03084);\">SIV<\/span><span role=\"presentation\" dir=\"ltr\" style=\"left: calc(var(--scale-factor)*119.37px); top: calc(var(--scale-factor)*122.10px); font-size: calc(var(--scale-factor)*20.04px); font-family: sans-serif;\"> <\/span><span role=\"presentation\" dir=\"ltr\" style=\"left: calc(var(--scale-factor)*124.34px); top: calc(var(--scale-factor)*122.10px); font-size: calc(var(--scale-factor)*20.04px); font-family: sans-serif; transform: scaleX(0.898655);\">106<\/span><\/span><\/h4>\n\n\n\n<figure class=\"gb-block-image gb-block-image-562426c0\"><img loading=\"lazy\" decoding=\"async\" width=\"246\" height=\"300\" class=\"gb-image gb-image-562426c0\" src=\"https:\/\/bodystorer.com\/wp-content\/uploads\/2023\/05\/siv106-246x300.jpg\" alt=\"\" title=\"siv106\" srcset=\"https:\/\/bodystorer.com\/wp-content\/uploads\/2023\/05\/siv106-246x300.jpg 246w, https:\/\/bodystorer.com\/wp-content\/uploads\/2023\/05\/siv106.jpg 259w\" sizes=\"auto, (max-width: 246px) 100vw, 246px\"><\/figure>\n\n\n<div class=\"gb-container gb-container-a711c950\">\n\n<a class=\"gb-button gb-button-2298ec27 gb-button-text\" href=\"\/model-ramzes\/\">CITESTE MAI MULT<\/a>\n\n<\/div><\/div>\n\n\n\n<div class=\"wp-block-column is-vertically-aligned-center eplus-wrapper is-layout-flow wp-block-column-is-layout-flow\">\n<h4 class=\" wp-block-heading has-text-align-center eplus-wrapper\">Model Ramesses 1s<\/h4>\n\n\n\n<figure class=\"gb-block-image gb-block-image-a9cedfc8\"><img loading=\"lazy\" decoding=\"async\" width=\"300\" height=\"194\" class=\"gb-image gb-image-a9cedfc8\" src=\"https:\/\/bodystorer.com\/wp-content\/uploads\/2023\/05\/ramses-1s-300x194.jpg\" alt=\"\" title=\"ramses-1s\" srcset=\"https:\/\/bodystorer.com\/wp-content\/uploads\/2023\/05\/ramses-1s-300x194.jpg 300w, https:\/\/bodystorer.com\/wp-content\/uploads\/2023\/05\/ramses-1s-1024x664.jpg 1024w, https:\/\/bodystorer.com\/wp-content\/uploads\/2023\/05\/ramses-1s-768x498.jpg 768w, https:\/\/bodystorer.com\/wp-content\/uploads\/2023\/05\/ramses-1s.jpg 1333w\" sizes=\"auto, (max-width: 300px) 100vw, 300px\"><\/figure>\n\n\n<div class=\"gb-container gb-container-6523f47b\">\n\n<a class=\"gb-button gb-button-9e19a526 gb-button-text\" href=\"\/model-ramzes\/\">CITESTE MAI MULT<\/a>\n\n<\/div><\/div>\n\n\n\n<div class=\"wp-block-column is-vertically-aligned-center eplus-wrapper is-layout-flow wp-block-column-is-layout-flow\">\n<h4 class=\" wp-block-heading has-text-align-center eplus-wrapper\">Model Ramesses 3<\/h4>\n\n\n\n<figure class=\"gb-block-image gb-block-image-6059c417\"><img loading=\"lazy\" decoding=\"async\" width=\"247\" height=\"232\" class=\"gb-image gb-image-6059c417\" src=\"https:\/\/bodystorer.com\/wp-content\/uploads\/2023\/05\/hladilnik2.jpg\" alt=\"\" title=\"hladilnik2\"><\/figure>\n\n\n<div class=\"gb-container gb-container-f31434df\">\n\n<a class=\"gb-button gb-button-8ddb3e79 gb-button-text\" href=\"\/model-ramzes\/\">CITESTE MAI MULT<\/a>\n\n<\/div><\/div>\n<\/div>","protected":false},"excerpt":{"rendered":"<p>Despre acest produs: Formular de anchet\u0103 Produse similare SIV 106 Model Ramesses 1s Model Ramesses 3<\/p>\n","protected":false},"author":2,"featured_media":0,"parent":1259,"menu_order":0,"comment_status":"closed","ping_status":"closed","template":"","meta":{"_uag_custom_page_level_css":"","editor_plus_copied_stylings":"{}","footnotes":""},"class_list":["post-1278","page","type-page","status-publish"],"yoast_head":"<!-- This site is optimized with the Yoast SEO plugin v21.0 - https:\/\/yoast.com\/wordpress\/plugins\/seo\/ -->\n<title>DW-CT01 - Body storer<\/title>\n<meta name=\"robots\" content=\"index, follow, max-snippet:-1, max-image-preview:large, max-video-preview:-1\" \/>\n<link rel=\"canonical\" href=\"https:\/\/bodystorer.com\/ro\/produse\/dw-ct01\/\" \/>\n<meta property=\"og:locale\" content=\"ro_RO\" \/>\n<meta property=\"og:type\" content=\"article\" \/>\n<meta property=\"og:title\" content=\"DW-CT01 - Body storer\" \/>\n<meta property=\"og:description\" content=\"Despre acest produs: Formular de anchet\u0103 Produse similare SIV 106 Model Ramesses 1s Model Ramesses 3\" \/>\n<meta property=\"og:url\" content=\"https:\/\/bodystorer.com\/ro\/produse\/dw-ct01\/\" \/>\n<meta property=\"og:site_name\" content=\"Body storer\" \/>\n<meta property=\"og:image\" content=\"https:\/\/bodystorer.com\/wp-content\/uploads\/2023\/10\/71f7qgtv2ql._ac_sx466_.jpg\" \/>\n<meta name=\"twitter:card\" content=\"summary_large_image\" \/>\n<meta name=\"twitter:label1\" content=\"Timp estimat pentru citire\" \/>\n\t<meta name=\"twitter:data1\" content=\"2 minute\" \/>\n<script type=\"application\/ld+json\" class=\"yoast-schema-graph\">{\"@context\":\"https:\/\/schema.org\",\"@graph\":[{\"@type\":\"WebPage\",\"@id\":\"https:\/\/bodystorer.com\/ro\/produse\/dw-ct01\/\",\"url\":\"https:\/\/bodystorer.com\/ro\/produse\/dw-ct01\/\",\"name\":\"DW-CT01 - Body storer\",\"isPartOf\":{\"@id\":\"https:\/\/bodystorer.com\/#website\"},\"datePublished\":\"2023-11-11T07:53:22+00:00\",\"dateModified\":\"2023-11-11T07:53:22+00:00\",\"breadcrumb\":{\"@id\":\"https:\/\/bodystorer.com\/ro\/produse\/dw-ct01\/#breadcrumb\"},\"inLanguage\":\"ro-RO\",\"potentialAction\":[{\"@type\":\"ReadAction\",\"target\":[\"https:\/\/bodystorer.com\/ro\/produse\/dw-ct01\/\"]}]},{\"@type\":\"BreadcrumbList\",\"@id\":\"https:\/\/bodystorer.com\/ro\/produse\/dw-ct01\/#breadcrumb\",\"itemListElement\":[{\"@type\":\"ListItem\",\"position\":1,\"name\":\"Home\",\"item\":\"https:\/\/bodystorer.com\/ro\/\"},{\"@type\":\"ListItem\",\"position\":2,\"name\":\"Produse\",\"item\":\"https:\/\/bodystorer.com\/ro\/produse\/\"},{\"@type\":\"ListItem\",\"position\":3,\"name\":\"DW-CT01\"}]},{\"@type\":\"WebSite\",\"@id\":\"https:\/\/bodystorer.com\/#website\",\"url\":\"https:\/\/bodystorer.com\/\",\"name\":\"Body storer\",\"description\":\"\",\"publisher\":{\"@id\":\"https:\/\/bodystorer.com\/#organization\"},\"potentialAction\":[{\"@type\":\"SearchAction\",\"target\":{\"@type\":\"EntryPoint\",\"urlTemplate\":\"https:\/\/bodystorer.com\/?s={search_term_string}\"},\"query-input\":\"required name=search_term_string\"}],\"inLanguage\":\"ro-RO\"},{\"@type\":\"Organization\",\"@id\":\"https:\/\/bodystorer.com\/#organization\",\"name\":\"Body storer\",\"url\":\"https:\/\/bodystorer.com\/\",\"logo\":{\"@type\":\"ImageObject\",\"inLanguage\":\"ro-RO\",\"@id\":\"https:\/\/bodystorer.com\/#\/schema\/logo\/image\/\",\"url\":\"https:\/\/bodystorer.com\/wp-content\/uploads\/2023\/04\/bodystorer-logo-colour-2000px.png\",\"contentUrl\":\"https:\/\/bodystorer.com\/wp-content\/uploads\/2023\/04\/bodystorer-logo-colour-2000px.png\",\"width\":2000,\"height\":270,\"caption\":\"Body storer\"},\"image\":{\"@id\":\"https:\/\/bodystorer.com\/#\/schema\/logo\/image\/\"}}]}<\/script>\n<!-- \/ Yoast SEO plugin. -->","yoast_head_json":{"title":"DW-CT01 - Body storer","robots":{"index":"index","follow":"follow","max-snippet":"max-snippet:-1","max-image-preview":"max-image-preview:large","max-video-preview":"max-video-preview:-1"},"canonical":"https:\/\/bodystorer.com\/ro\/produse\/dw-ct01\/","og_locale":"ro_RO","og_type":"article","og_title":"DW-CT01 - Body storer","og_description":"Despre acest produs: Formular de anchet\u0103 Produse similare SIV 106 Model Ramesses 1s Model Ramesses 3","og_url":"https:\/\/bodystorer.com\/ro\/produse\/dw-ct01\/","og_site_name":"Body storer","og_image":[{"url":"https:\/\/bodystorer.com\/wp-content\/uploads\/2023\/10\/71f7qgtv2ql._ac_sx466_.jpg"}],"twitter_card":"summary_large_image","twitter_misc":{"Timp estimat pentru citire":"2 minute"},"schema":{"@context":"https:\/\/schema.org","@graph":[{"@type":"WebPage","@id":"https:\/\/bodystorer.com\/ro\/produse\/dw-ct01\/","url":"https:\/\/bodystorer.com\/ro\/produse\/dw-ct01\/","name":"DW-CT01 - Body storer","isPartOf":{"@id":"https:\/\/bodystorer.com\/#website"},"datePublished":"2023-11-11T07:53:22+00:00","dateModified":"2023-11-11T07:53:22+00:00","breadcrumb":{"@id":"https:\/\/bodystorer.com\/ro\/produse\/dw-ct01\/#breadcrumb"},"inLanguage":"ro-RO","potentialAction":[{"@type":"ReadAction","target":["https:\/\/bodystorer.com\/ro\/produse\/dw-ct01\/"]}]},{"@type":"BreadcrumbList","@id":"https:\/\/bodystorer.com\/ro\/produse\/dw-ct01\/#breadcrumb","itemListElement":[{"@type":"ListItem","position":1,"name":"Home","item":"https:\/\/bodystorer.com\/ro\/"},{"@type":"ListItem","position":2,"name":"Produse","item":"https:\/\/bodystorer.com\/ro\/produse\/"},{"@type":"ListItem","position":3,"name":"DW-CT01"}]},{"@type":"WebSite","@id":"https:\/\/bodystorer.com\/#website","url":"https:\/\/bodystorer.com\/","name":"Body storer","description":"","publisher":{"@id":"https:\/\/bodystorer.com\/#organization"},"potentialAction":[{"@type":"SearchAction","target":{"@type":"EntryPoint","urlTemplate":"https:\/\/bodystorer.com\/?s={search_term_string}"},"query-input":"required name=search_term_string"}],"inLanguage":"ro-RO"},{"@type":"Organization","@id":"https:\/\/bodystorer.com\/#organization","name":"Body storer","url":"https:\/\/bodystorer.com\/","logo":{"@type":"ImageObject","inLanguage":"ro-RO","@id":"https:\/\/bodystorer.com\/#\/schema\/logo\/image\/","url":"https:\/\/bodystorer.com\/wp-content\/uploads\/2023\/04\/bodystorer-logo-colour-2000px.png","contentUrl":"https:\/\/bodystorer.com\/wp-content\/uploads\/2023\/04\/bodystorer-logo-colour-2000px.png","width":2000,"height":270,"caption":"Body storer"},"image":{"@id":"https:\/\/bodystorer.com\/#\/schema\/logo\/image\/"}}]}},"uagb_featured_image_src":{"full":false,"thumbnail":false,"medium":false,"medium_large":false,"large":false,"1536x1536":false,"2048x2048":false},"uagb_author_info":{"display_name":"niki","author_link":"https:\/\/bodystorer.com\/ro\/author\/niki\/"},"uagb_comment_info":0,"uagb_excerpt":"Despre acest produs: Formular de anchet\u0103 Produse similare SIV 106 Model Ramesses 1s Model Ramesses 3","_links":{"self":[{"href":"https:\/\/bodystorer.com\/ro\/wp-json\/wp\/v2\/pages\/1278","targetHints":{"allow":["GET"]}}],"collection":[{"href":"https:\/\/bodystorer.com\/ro\/wp-json\/wp\/v2\/pages"}],"about":[{"href":"https:\/\/bodystorer.com\/ro\/wp-json\/wp\/v2\/types\/page"}],"author":[{"embeddable":true,"href":"https:\/\/bodystorer.com\/ro\/wp-json\/wp\/v2\/users\/2"}],"replies":[{"embeddable":true,"href":"https:\/\/bodystorer.com\/ro\/wp-json\/wp\/v2\/comments?post=1278"}],"version-history":[{"count":1,"href":"https:\/\/bodystorer.com\/ro\/wp-json\/wp\/v2\/pages\/1278\/revisions"}],"predecessor-version":[{"id":1291,"href":"https:\/\/bodystorer.com\/ro\/wp-json\/wp\/v2\/pages\/1278\/revisions\/1291"}],"up":[{"embeddable":true,"href":"https:\/\/bodystorer.com\/ro\/wp-json\/wp\/v2\/pages\/1259"}],"wp:attachment":[{"href":"https:\/\/bodystorer.com\/ro\/wp-json\/wp\/v2\/media?parent=1278"}],"curies":[{"name":"wp","href":"https:\/\/api.w.org\/{rel}","templated":true}]}}