{"id":1293,"date":"2023-11-11T07:53:30","date_gmt":"2023-11-11T07:53:30","guid":{"rendered":"https:\/\/bodystorer.com\/?page_id=1293"},"modified":"2023-11-11T07:53:30","modified_gmt":"2023-11-11T07:53:30","slug":"dw-f015","status":"publish","type":"page","link":"https:\/\/bodystorer.com\/ro\/produse\/dw-f015\/","title":{"rendered":"DW-F015"},"content":{"rendered":"\n<p class=\" eplus-wrapper\"><strong>Targa pliant\u0103 pentru primul ajutor<\/strong><\/p>\n\n\n\n<div class=\"wp-block-group eplus-wrapper is-nowrap is-layout-flex wp-container-core-group-is-layout-ad2f72ca wp-block-group-is-layout-flex\">\t\t\t\t\t<div\n\t\t\t\t\t\tclass=\"wp-block-uagb-image-gallery uagb-block-e52f5f22     \"\n\t\t\t\t\t\tstyle=\"\"\n\t\t\t\t\t>\n\t\t\t\t\t\t\t\t\t\t\t<div class=\"spectra-image-gallery spectra-image-gallery__layout--tiled spectra-image-gallery__layout--tiled-col-4 spectra-image-gallery__layout--tiled-col-tab-4 spectra-image-gallery__layout--tiled-col-mob-4\">\n\t\t\t\t\t\t\t\t\t\t\t<div class='spectra-image-gallery__media-wrapper' data-spectra-gallery-image-id='671' tabindex=\"0\">\n\t\t\t\t\t\t\t<div class=\"spectra-image-gallery__media spectra-image-gallery__media--tiled\">\n\t\t\t\t<picture>\n\t\t\t\t\t<source media=\"(min-width: 1024px)\" srcset=\"https:\/\/bodystorer.com\/wp-content\/uploads\/2023\/05\/nosilka-1-1024x576.png\">\n\t\t\t\t\t<source media=\"(min-width: 768px)\" srcset=\"https:\/\/bodystorer.com\/wp-content\/uploads\/2023\/05\/nosilka-1-1024x576.png\">\n\t\t\t\t\t<img decoding=\"async\" class=\"spectra-image-gallery__media-thumbnail spectra-image-gallery__media-thumbnail--tiled\" src=\"https:\/\/bodystorer.com\/wp-content\/uploads\/2023\/05\/nosilka-1-300x169.png\" alt=\"\" loading=\"lazy\" \/>\n\t\t\t\t<\/picture>\n\t\t\t\t<div class=\"spectra-image-gallery__media-thumbnail-blurrer\"><\/div>\n\t\t\t\t\t\t\t\t\t\t\t<div class=\"spectra-image-gallery__media-thumbnail-caption-wrapper spectra-image-gallery__media-thumbnail-caption-wrapper--overlay\"><\/div>\n\t\t\t\t\t\t\t\t<\/div>\n\t\t\t\t\t\t<\/div>\n\t\t\t\t\t\t<div class='spectra-image-gallery__media-wrapper' data-spectra-gallery-image-id='677' tabindex=\"0\">\n\t\t\t\t\t\t\t<div class=\"spectra-image-gallery__media spectra-image-gallery__media--tiled\">\n\t\t\t\t<picture>\n\t\t\t\t\t<source media=\"(min-width: 1024px)\" srcset=\"https:\/\/bodystorer.com\/wp-content\/uploads\/2023\/05\/nosilka-2-1024x576.png\">\n\t\t\t\t\t<source media=\"(min-width: 768px)\" srcset=\"https:\/\/bodystorer.com\/wp-content\/uploads\/2023\/05\/nosilka-2-1024x576.png\">\n\t\t\t\t\t<img decoding=\"async\" class=\"spectra-image-gallery__media-thumbnail spectra-image-gallery__media-thumbnail--tiled\" src=\"https:\/\/bodystorer.com\/wp-content\/uploads\/2023\/05\/nosilka-2-300x169.png\" alt=\"\" loading=\"lazy\" \/>\n\t\t\t\t<\/picture>\n\t\t\t\t<div class=\"spectra-image-gallery__media-thumbnail-blurrer\"><\/div>\n\t\t\t\t\t\t\t\t\t\t\t<div class=\"spectra-image-gallery__media-thumbnail-caption-wrapper spectra-image-gallery__media-thumbnail-caption-wrapper--overlay\"><\/div>\n\t\t\t\t\t\t\t\t<\/div>\n\t\t\t\t\t\t<\/div>\n\t\t\t\t\t\t\t\t\t\t\t<div class=\"spectra-image-gallery__media-sizer\"><\/div>\n\t\t\t\t\t\t\t<\/div>\n\t\t\t\t\t\t\t\t\t\t\t<\/div>\n\t\t\t\t\t\t\t\t\t\t\t<div class='spectra-image-gallery__control-lightbox' tabindex='0'>\n\t\t\t\t\t\t\t\t\t\t\t<div class=\"swiper spectra-image-gallery__control-lightbox--main\" dir=\"\">\n\t\t\t\t\t<div class=\"swiper-wrapper\">\n\t\t\t\t\t\t\t\t\t\t\t\t\t\n\t\t\t\t\t\t\t<div class=\"swiper-slide\">\n\t\t\t\t\t\t\t\t<img class=\"swiper-lazy\" data-src=\"https:\/\/bodystorer.com\/wp-content\/uploads\/2023\/05\/nosilka-1.png\" alt=\"\"\/>\n\t\t\t\t\t\t\t\t<div class=\"swiper-lazy-preloader swiper-lazy-preloader-white\"><\/div>\n\t\t\t\t\t\t\t\t\t\t\t\t\t\t\t<\/div>\n\t\t\t\t\t\t\t\t\t\t\t\t\t\n\t\t\t\t\t\t\t<div class=\"swiper-slide\">\n\t\t\t\t\t\t\t\t<img class=\"swiper-lazy\" data-src=\"https:\/\/bodystorer.com\/wp-content\/uploads\/2023\/05\/nosilka-2.png\" alt=\"\"\/>\n\t\t\t\t\t\t\t\t<div class=\"swiper-lazy-preloader swiper-lazy-preloader-white\"><\/div>\n\t\t\t\t\t\t\t\t\t\t\t\t\t\t\t<\/div>\n\t\t\t\t\t\t\t\t\t\t\t<\/div>\n\t\t\t\t\t<div class=\"swiper-button-next\"><\/div>\n\t\t\t\t\t<div class=\"swiper-button-prev\"><\/div>\n\t\t\t\t<\/div>\t\t\t\n\t\t\t\t\t\t\t\t\t\t\t\t\t\t\t\t\t\t\t\t\t\t\t\t\t\t\t\t\t\t\t\t<button class='spectra-image-gallery__control-lightbox--close' aria-label=\"Close\">\n\t\t\t\t\t\t\t\t\t\t\t\t\t<svg xmlns=\"https:\/\/www.w3.org\/2000\/svg\" viewBox= \"0 0 320 512\"><path d=\"M310.6 361.4c12.5 12.5 12.5 32.75 0 45.25C304.4 412.9 296.2 416 288 416s-16.38-3.125-22.62-9.375L160 301.3L54.63 406.6C48.38 412.9 40.19 416 32 416S15.63 412.9 9.375 406.6c-12.5-12.5-12.5-32.75 0-45.25l105.4-105.4L9.375 150.6c-12.5-12.5-12.5-32.75 0-45.25s32.75-12.5 45.25 0L160 210.8l105.4-105.4c12.5-12.5 32.75-12.5 45.25 0s12.5 32.75 0 45.25l-105.4 105.4L310.6 361.4z\"><\/path><\/svg>\n\t\t\t\t\t\t\t\t\t\t\t\t<\/button>\n\t\t\t\t\t\t\t\t\t\t\t\t\t<\/div>\n\t\t\t\t\t\t\t\t\t<\/div>\n\n\n\n<p class=\" eplus-wrapper\">Targa pliabil\u0103 &#8211; targ\u0103 rabatabil\u0103 pentru primul ajutor este stabil\u0103 \u0219i rezistent\u0103, cu o capacitate maxim\u0103 de \u00eenc\u0103rcare de 160 kg. Se pliaz\u0103 u\u0219or, astfel \u00eenc\u00e2t s\u0103 nu ocupe mult spa\u021biu \u0219i poate fi pliat\u0103 at\u00e2t \u00een lungime, c\u00e2t \u0219i \u00een l\u0103\u021bime. Este confec\u021bionat\u0103 din aluminiu de \u00eenalt\u0103 rezisten\u021b\u0103 \u0219i material sintetic durabil, potrivit pentru utilizare continu\u0103 \u0219i solicitant\u0103.<\/p>\n\n\n\n<div style=\"height:100px\" aria-hidden=\"true\" class=\" wp-block-spacer eplus-wrapper\"><\/div>\n\n\n\n<h2 class=\" wp-block-heading has-text-align-center eplus-wrapper\">Formular de anchet\u0103<\/h2>\n\n\n\n<div class=\"wpcf7 no-js\" id=\"wpcf7-f30-o1\" lang=\"ro-RO\" dir=\"ltr\" data-wpcf7-id=\"30\">\n<div class=\"screen-reader-response\"><p role=\"status\" aria-live=\"polite\" aria-atomic=\"true\"><\/p> <ul><\/ul><\/div>\n<form action=\"\/ro\/wp-json\/wp\/v2\/pages\/1293#wpcf7-f30-o1\" method=\"post\" class=\"wpcf7-form init\" aria-label=\"Formular de contact\" novalidate=\"novalidate\" data-status=\"init\">\n<fieldset class=\"hidden-fields-container\"><input type=\"hidden\" name=\"_wpcf7\" value=\"30\" \/><input type=\"hidden\" name=\"_wpcf7_version\" value=\"6.1.5\" \/><input type=\"hidden\" name=\"_wpcf7_locale\" value=\"ro_RO\" \/><input type=\"hidden\" name=\"_wpcf7_unit_tag\" value=\"wpcf7-f30-o1\" \/><input type=\"hidden\" name=\"_wpcf7_container_post\" value=\"0\" \/><input type=\"hidden\" name=\"_wpcf7_posted_data_hash\" value=\"\" \/>\n<\/fieldset>\n<p><label> Numele t\u0103u<br \/>\n<span class=\"wpcf7-form-control-wrap\" data-name=\"your-name\"><input size=\"40\" maxlength=\"400\" class=\"wpcf7-form-control wpcf7-text wpcf7-validates-as-required\" autocomplete=\"name\" aria-required=\"true\" aria-invalid=\"false\" value=\"\" type=\"text\" name=\"your-name\" \/><\/span> <\/label>\n<\/p>\n<p><label> Adresa ta de email<br \/>\n<span class=\"wpcf7-form-control-wrap\" data-name=\"your-email\"><input size=\"40\" maxlength=\"400\" class=\"wpcf7-form-control wpcf7-email wpcf7-validates-as-required wpcf7-text wpcf7-validates-as-email\" autocomplete=\"email\" aria-required=\"true\" aria-invalid=\"false\" value=\"\" type=\"email\" name=\"your-email\" \/><\/span> <\/label>\n<\/p>\n<p><label> Subiect<br \/>\n<span class=\"wpcf7-form-control-wrap\" data-name=\"your-subject\"><input size=\"40\" maxlength=\"400\" class=\"wpcf7-form-control wpcf7-text wpcf7-validates-as-required\" aria-required=\"true\" aria-invalid=\"false\" value=\"\" type=\"text\" name=\"your-subject\" \/><\/span> <\/label>\n<\/p>\n<p><label> Mesajul t\u0103u (op\u021bional)<br \/>\n<span class=\"wpcf7-form-control-wrap\" data-name=\"your-message\"><textarea cols=\"40\" rows=\"10\" maxlength=\"2000\" class=\"wpcf7-form-control wpcf7-textarea\" aria-invalid=\"false\" name=\"your-message\"><\/textarea><\/span> <\/label>\n<\/p>\n<p><input class=\"wpcf7-form-control wpcf7-submit has-spinner\" type=\"submit\" value=\"Trimite\" \/>\n<\/p><p style=\"display: none !important;\" class=\"akismet-fields-container\" data-prefix=\"_wpcf7_ak_\"><label>&#916;<textarea name=\"_wpcf7_ak_hp_textarea\" cols=\"45\" rows=\"8\" maxlength=\"100\"><\/textarea><\/label><input type=\"hidden\" id=\"ak_js_1\" name=\"_wpcf7_ak_js\" value=\"43\"\/><script>document.getElementById( \"ak_js_1\" ).setAttribute( \"value\", ( new Date() ).getTime() );<\/script><\/p><div class=\"wpcf7-response-output\" aria-hidden=\"true\"><\/div>\n<\/form>\n<\/div>\n\n\n\n\n<div style=\"height:100px\" aria-hidden=\"true\" class=\" wp-block-spacer eplus-wrapper\"><\/div>\n\n\n\n<h3 class=\" wp-block-heading has-text-align-center eplus-wrapper\">Produse similare<\/h3>\n\n\n<div class=\"wp-block-columns are-vertically-aligned-center eplus-wrapper is-layout-flex wp-container-core-columns-is-layout-9d6595d7 wp-block-columns-is-layout-flex eplus-styles-uid-bfa0d0\">\n<div class=\"wp-block-column is-vertically-aligned-center eplus-wrapper is-layout-flow wp-block-column-is-layout-flow\">\n<h4 class=\" wp-block-heading has-text-align-center eplus-wrapper\">Model Ramesses 1<\/h4>\n\n\n\n<figure class=\"gb-block-image gb-block-image-562426c0\"><img loading=\"lazy\" decoding=\"async\" width=\"300\" height=\"164\" class=\"gb-image gb-image-562426c0\" src=\"https:\/\/bodystorer.com\/wp-content\/uploads\/2023\/05\/hladilnik1-300x164.jpg\" alt=\"\" title=\"hladilnik1\" srcset=\"https:\/\/bodystorer.com\/wp-content\/uploads\/2023\/05\/hladilnik1-300x164.jpg 300w, https:\/\/bodystorer.com\/wp-content\/uploads\/2023\/05\/hladilnik1.jpg 323w\" sizes=\"auto, (max-width: 300px) 100vw, 300px\"><\/figure>\n\n\n<div class=\"gb-container gb-container-a711c950\">\n\n<a class=\"gb-button gb-button-2298ec27 gb-button-text\" href=\"\/model-ramzes\/\">CITESTE MAI MULT<\/a>\n\n<\/div><\/div>\n\n\n\n<div class=\"wp-block-column is-vertically-aligned-center eplus-wrapper is-layout-flow wp-block-column-is-layout-flow\">\n<h4 class=\" wp-block-heading has-text-align-center eplus-wrapper\">Model Ramesses 1s<\/h4>\n\n\n\n<figure class=\"gb-block-image gb-block-image-a9cedfc8\"><img loading=\"lazy\" decoding=\"async\" width=\"300\" height=\"194\" class=\"gb-image gb-image-a9cedfc8\" src=\"https:\/\/bodystorer.com\/wp-content\/uploads\/2023\/05\/ramses-1s-300x194.jpg\" alt=\"\" title=\"ramses-1s\" srcset=\"https:\/\/bodystorer.com\/wp-content\/uploads\/2023\/05\/ramses-1s-300x194.jpg 300w, https:\/\/bodystorer.com\/wp-content\/uploads\/2023\/05\/ramses-1s-1024x664.jpg 1024w, https:\/\/bodystorer.com\/wp-content\/uploads\/2023\/05\/ramses-1s-768x498.jpg 768w, https:\/\/bodystorer.com\/wp-content\/uploads\/2023\/05\/ramses-1s.jpg 1333w\" sizes=\"auto, (max-width: 300px) 100vw, 300px\"><\/figure>\n\n\n<div class=\"gb-container gb-container-6523f47b\">\n\n<a class=\"gb-button gb-button-9e19a526 gb-button-text\" href=\"\/model-ramzes\/\">CITESTE MAI MULT<\/a>\n\n<\/div><\/div>\n\n\n\n<div class=\"wp-block-column is-vertically-aligned-center eplus-wrapper is-layout-flow wp-block-column-is-layout-flow\">\n<h4 class=\" wp-block-heading has-text-align-center eplus-wrapper\">Model Ramesses 3<\/h4>\n\n\n\n<figure class=\"gb-block-image gb-block-image-6059c417\"><img loading=\"lazy\" decoding=\"async\" width=\"247\" height=\"232\" class=\"gb-image gb-image-6059c417\" src=\"https:\/\/bodystorer.com\/wp-content\/uploads\/2023\/05\/hladilnik2.jpg\" alt=\"\" title=\"hladilnik2\"><\/figure>\n\n\n<div class=\"gb-container gb-container-f31434df\">\n\n<a class=\"gb-button gb-button-8ddb3e79 gb-button-text\" href=\"\/model-ramzes\/\">CITESTE MAI MULT<\/a>\n\n<\/div><\/div>\n<\/div>","protected":false},"excerpt":{"rendered":"<p>Targa pliant\u0103 pentru primul ajutor Targa pliabil\u0103 &#8211; targ\u0103 rabatabil\u0103 pentru primul ajutor este stabil\u0103 \u0219i rezistent\u0103, cu o capacitate maxim\u0103 de \u00eenc\u0103rcare de 160 kg. Se pliaz\u0103 u\u0219or, astfel \u00eenc\u00e2t s\u0103 nu ocupe mult spa\u021biu \u0219i poate fi pliat\u0103 at\u00e2t \u00een lungime, c\u00e2t \u0219i \u00een l\u0103\u021bime. Este confec\u021bionat\u0103 din aluminiu de \u00eenalt\u0103 rezisten\u021b\u0103 \u0219i &#8230; <a title=\"DW-F015\" class=\"read-more\" href=\"https:\/\/bodystorer.com\/ro\/produse\/dw-f015\/\" aria-label=\"More on DW-F015\">Read more<\/a><\/p>\n","protected":false},"author":2,"featured_media":0,"parent":1259,"menu_order":0,"comment_status":"closed","ping_status":"closed","template":"","meta":{"_uag_custom_page_level_css":"","editor_plus_copied_stylings":"{}","footnotes":""},"class_list":["post-1293","page","type-page","status-publish"],"yoast_head":"<!-- This site is optimized with the Yoast SEO plugin v21.0 - https:\/\/yoast.com\/wordpress\/plugins\/seo\/ -->\n<title>DW-F015 - Body storer<\/title>\n<meta name=\"robots\" content=\"index, follow, max-snippet:-1, max-image-preview:large, max-video-preview:-1\" \/>\n<link rel=\"canonical\" href=\"https:\/\/bodystorer.com\/ro\/produse\/dw-f015\/\" \/>\n<meta property=\"og:locale\" content=\"ro_RO\" \/>\n<meta property=\"og:type\" content=\"article\" \/>\n<meta property=\"og:title\" content=\"DW-F015 - Body storer\" \/>\n<meta property=\"og:description\" content=\"Targa pliant\u0103 pentru primul ajutor Targa pliabil\u0103 &#8211; targ\u0103 rabatabil\u0103 pentru primul ajutor este stabil\u0103 \u0219i rezistent\u0103, cu o capacitate maxim\u0103 de \u00eenc\u0103rcare de 160 kg. Se pliaz\u0103 u\u0219or, astfel \u00eenc\u00e2t s\u0103 nu ocupe mult spa\u021biu \u0219i poate fi pliat\u0103 at\u00e2t \u00een lungime, c\u00e2t \u0219i \u00een l\u0103\u021bime. Este confec\u021bionat\u0103 din aluminiu de \u00eenalt\u0103 rezisten\u021b\u0103 \u0219i ... Read more\" \/>\n<meta property=\"og:url\" content=\"https:\/\/bodystorer.com\/ro\/produse\/dw-f015\/\" \/>\n<meta property=\"og:site_name\" content=\"Body storer\" \/>\n<meta property=\"og:image\" content=\"https:\/\/bodystorer.com\/wp-content\/uploads\/2023\/05\/hladilnik1-300x164.jpg\" \/>\n<meta name=\"twitter:card\" content=\"summary_large_image\" \/>\n<meta name=\"twitter:label1\" content=\"Timp estimat pentru citire\" \/>\n\t<meta name=\"twitter:data1\" content=\"2 minute\" \/>\n<script type=\"application\/ld+json\" class=\"yoast-schema-graph\">{\"@context\":\"https:\/\/schema.org\",\"@graph\":[{\"@type\":\"WebPage\",\"@id\":\"https:\/\/bodystorer.com\/ro\/produse\/dw-f015\/\",\"url\":\"https:\/\/bodystorer.com\/ro\/produse\/dw-f015\/\",\"name\":\"DW-F015 - Body storer\",\"isPartOf\":{\"@id\":\"https:\/\/bodystorer.com\/#website\"},\"datePublished\":\"2023-11-11T07:53:30+00:00\",\"dateModified\":\"2023-11-11T07:53:30+00:00\",\"breadcrumb\":{\"@id\":\"https:\/\/bodystorer.com\/ro\/produse\/dw-f015\/#breadcrumb\"},\"inLanguage\":\"ro-RO\",\"potentialAction\":[{\"@type\":\"ReadAction\",\"target\":[\"https:\/\/bodystorer.com\/ro\/produse\/dw-f015\/\"]}]},{\"@type\":\"BreadcrumbList\",\"@id\":\"https:\/\/bodystorer.com\/ro\/produse\/dw-f015\/#breadcrumb\",\"itemListElement\":[{\"@type\":\"ListItem\",\"position\":1,\"name\":\"Home\",\"item\":\"https:\/\/bodystorer.com\/ro\/\"},{\"@type\":\"ListItem\",\"position\":2,\"name\":\"Produse\",\"item\":\"https:\/\/bodystorer.com\/ro\/produse\/\"},{\"@type\":\"ListItem\",\"position\":3,\"name\":\"DW-F015\"}]},{\"@type\":\"WebSite\",\"@id\":\"https:\/\/bodystorer.com\/#website\",\"url\":\"https:\/\/bodystorer.com\/\",\"name\":\"Body storer\",\"description\":\"\",\"publisher\":{\"@id\":\"https:\/\/bodystorer.com\/#organization\"},\"potentialAction\":[{\"@type\":\"SearchAction\",\"target\":{\"@type\":\"EntryPoint\",\"urlTemplate\":\"https:\/\/bodystorer.com\/?s={search_term_string}\"},\"query-input\":\"required name=search_term_string\"}],\"inLanguage\":\"ro-RO\"},{\"@type\":\"Organization\",\"@id\":\"https:\/\/bodystorer.com\/#organization\",\"name\":\"Body storer\",\"url\":\"https:\/\/bodystorer.com\/\",\"logo\":{\"@type\":\"ImageObject\",\"inLanguage\":\"ro-RO\",\"@id\":\"https:\/\/bodystorer.com\/#\/schema\/logo\/image\/\",\"url\":\"https:\/\/bodystorer.com\/wp-content\/uploads\/2023\/04\/bodystorer-logo-colour-2000px.png\",\"contentUrl\":\"https:\/\/bodystorer.com\/wp-content\/uploads\/2023\/04\/bodystorer-logo-colour-2000px.png\",\"width\":2000,\"height\":270,\"caption\":\"Body storer\"},\"image\":{\"@id\":\"https:\/\/bodystorer.com\/#\/schema\/logo\/image\/\"}}]}<\/script>\n<!-- \/ Yoast SEO plugin. -->","yoast_head_json":{"title":"DW-F015 - Body storer","robots":{"index":"index","follow":"follow","max-snippet":"max-snippet:-1","max-image-preview":"max-image-preview:large","max-video-preview":"max-video-preview:-1"},"canonical":"https:\/\/bodystorer.com\/ro\/produse\/dw-f015\/","og_locale":"ro_RO","og_type":"article","og_title":"DW-F015 - Body storer","og_description":"Targa pliant\u0103 pentru primul ajutor Targa pliabil\u0103 &#8211; targ\u0103 rabatabil\u0103 pentru primul ajutor este stabil\u0103 \u0219i rezistent\u0103, cu o capacitate maxim\u0103 de \u00eenc\u0103rcare de 160 kg. Se pliaz\u0103 u\u0219or, astfel \u00eenc\u00e2t s\u0103 nu ocupe mult spa\u021biu \u0219i poate fi pliat\u0103 at\u00e2t \u00een lungime, c\u00e2t \u0219i \u00een l\u0103\u021bime. Este confec\u021bionat\u0103 din aluminiu de \u00eenalt\u0103 rezisten\u021b\u0103 \u0219i ... Read more","og_url":"https:\/\/bodystorer.com\/ro\/produse\/dw-f015\/","og_site_name":"Body storer","og_image":[{"url":"https:\/\/bodystorer.com\/wp-content\/uploads\/2023\/05\/hladilnik1-300x164.jpg"}],"twitter_card":"summary_large_image","twitter_misc":{"Timp estimat pentru citire":"2 minute"},"schema":{"@context":"https:\/\/schema.org","@graph":[{"@type":"WebPage","@id":"https:\/\/bodystorer.com\/ro\/produse\/dw-f015\/","url":"https:\/\/bodystorer.com\/ro\/produse\/dw-f015\/","name":"DW-F015 - Body storer","isPartOf":{"@id":"https:\/\/bodystorer.com\/#website"},"datePublished":"2023-11-11T07:53:30+00:00","dateModified":"2023-11-11T07:53:30+00:00","breadcrumb":{"@id":"https:\/\/bodystorer.com\/ro\/produse\/dw-f015\/#breadcrumb"},"inLanguage":"ro-RO","potentialAction":[{"@type":"ReadAction","target":["https:\/\/bodystorer.com\/ro\/produse\/dw-f015\/"]}]},{"@type":"BreadcrumbList","@id":"https:\/\/bodystorer.com\/ro\/produse\/dw-f015\/#breadcrumb","itemListElement":[{"@type":"ListItem","position":1,"name":"Home","item":"https:\/\/bodystorer.com\/ro\/"},{"@type":"ListItem","position":2,"name":"Produse","item":"https:\/\/bodystorer.com\/ro\/produse\/"},{"@type":"ListItem","position":3,"name":"DW-F015"}]},{"@type":"WebSite","@id":"https:\/\/bodystorer.com\/#website","url":"https:\/\/bodystorer.com\/","name":"Body storer","description":"","publisher":{"@id":"https:\/\/bodystorer.com\/#organization"},"potentialAction":[{"@type":"SearchAction","target":{"@type":"EntryPoint","urlTemplate":"https:\/\/bodystorer.com\/?s={search_term_string}"},"query-input":"required name=search_term_string"}],"inLanguage":"ro-RO"},{"@type":"Organization","@id":"https:\/\/bodystorer.com\/#organization","name":"Body storer","url":"https:\/\/bodystorer.com\/","logo":{"@type":"ImageObject","inLanguage":"ro-RO","@id":"https:\/\/bodystorer.com\/#\/schema\/logo\/image\/","url":"https:\/\/bodystorer.com\/wp-content\/uploads\/2023\/04\/bodystorer-logo-colour-2000px.png","contentUrl":"https:\/\/bodystorer.com\/wp-content\/uploads\/2023\/04\/bodystorer-logo-colour-2000px.png","width":2000,"height":270,"caption":"Body storer"},"image":{"@id":"https:\/\/bodystorer.com\/#\/schema\/logo\/image\/"}}]}},"uagb_featured_image_src":{"full":false,"thumbnail":false,"medium":false,"medium_large":false,"large":false,"1536x1536":false,"2048x2048":false},"uagb_author_info":{"display_name":"niki","author_link":"https:\/\/bodystorer.com\/ro\/author\/niki\/"},"uagb_comment_info":0,"uagb_excerpt":"Targa pliant\u0103 pentru primul ajutor Targa pliabil\u0103 &#8211; targ\u0103 rabatabil\u0103 pentru primul ajutor este stabil\u0103 \u0219i rezistent\u0103, cu o capacitate maxim\u0103 de \u00eenc\u0103rcare de 160 kg. Se pliaz\u0103 u\u0219or, astfel \u00eenc\u00e2t s\u0103 nu ocupe mult spa\u021biu \u0219i poate fi pliat\u0103 at\u00e2t \u00een lungime, c\u00e2t \u0219i \u00een l\u0103\u021bime. Este confec\u021bionat\u0103 din aluminiu de \u00eenalt\u0103 rezisten\u021b\u0103 \u0219i&hellip;","_links":{"self":[{"href":"https:\/\/bodystorer.com\/ro\/wp-json\/wp\/v2\/pages\/1293","targetHints":{"allow":["GET"]}}],"collection":[{"href":"https:\/\/bodystorer.com\/ro\/wp-json\/wp\/v2\/pages"}],"about":[{"href":"https:\/\/bodystorer.com\/ro\/wp-json\/wp\/v2\/types\/page"}],"author":[{"embeddable":true,"href":"https:\/\/bodystorer.com\/ro\/wp-json\/wp\/v2\/users\/2"}],"replies":[{"embeddable":true,"href":"https:\/\/bodystorer.com\/ro\/wp-json\/wp\/v2\/comments?post=1293"}],"version-history":[{"count":1,"href":"https:\/\/bodystorer.com\/ro\/wp-json\/wp\/v2\/pages\/1293\/revisions"}],"predecessor-version":[{"id":1294,"href":"https:\/\/bodystorer.com\/ro\/wp-json\/wp\/v2\/pages\/1293\/revisions\/1294"}],"up":[{"embeddable":true,"href":"https:\/\/bodystorer.com\/ro\/wp-json\/wp\/v2\/pages\/1259"}],"wp:attachment":[{"href":"https:\/\/bodystorer.com\/ro\/wp-json\/wp\/v2\/media?parent=1293"}],"curies":[{"name":"wp","href":"https:\/\/api.w.org\/{rel}","templated":true}]}}