{"id":1409,"date":"2023-11-13T08:21:52","date_gmt":"2023-11-13T08:21:52","guid":{"rendered":"https:\/\/bodystorer.com\/?page_id=1409"},"modified":"2025-11-14T05:07:33","modified_gmt":"2025-11-14T05:07:33","slug":"intrebari-frecvente","status":"publish","type":"page","link":"https:\/\/bodystorer.com\/ro\/intrebari-frecvente\/","title":{"rendered":"\u00centreb\u0103ri frecvente"},"content":{"rendered":"<div class=\"wp-block-columns eplus-wrapper is-layout-flex wp-container-core-columns-is-layout-9d6595d7 wp-block-columns-is-layout-flex eplus-styles-uid-b6e933\">\n<div class=\"wp-block-column eplus-wrapper is-layout-flow wp-block-column-is-layout-flow\"><div class=\"wp-block-uagb-faq uagb-faq__outer-wrap uagb-block-a1655ceb uagb-faq-icon-row uagb-faq-layout-accordion uagb-faq-expand-first-true uagb-faq-inactive-other-true uagb-faq__wrap uagb-buttons-layout-wrap uagb-faq-equal-height     \" data-faqtoggle=\"true\" role=\"tablist\"><div class=\"wp-block-uagb-faq-child uagb-faq-child__outer-wrap uagb-faq-item uagb-block-89dde5f6 \" role=\"tab\" tabindex=\"0\"><div class=\"uagb-faq-questions-button uagb-faq-questions\">\t\t\t<span class=\"uagb-icon uagb-faq-icon-wrap\">\n\t\t\t\t\t\t\t\t<svg xmlns=\"https:\/\/www.w3.org\/2000\/svg\" viewbox=\"0 0 448 512\"><path d=\"M432 256c0 17.69-14.33 32.01-32 32.01H256v144c0 17.69-14.33 31.99-32 31.99s-32-14.3-32-31.99v-144H48c-17.67 0-32-14.32-32-32.01s14.33-31.99 32-31.99H192v-144c0-17.69 14.33-32.01 32-32.01s32 14.32 32 32.01v144h144C417.7 224 432 238.3 432 256z\"><\/path><\/svg>\n\t\t\t\t\t\t\t<\/span>\n\t\t\t\t\t\t<span class=\"uagb-icon-active uagb-faq-icon-wrap\">\n\t\t\t\t\t\t\t\t<svg xmlns=\"https:\/\/www.w3.org\/2000\/svg\" viewbox=\"0 0 448 512\"><path d=\"M400 288h-352c-17.69 0-32-14.32-32-32.01s14.31-31.99 32-31.99h352c17.69 0 32 14.3 32 31.99S417.7 288 400 288z\"><\/path><\/svg>\n\t\t\t\t\t\t\t<\/span>\n\t\t\t<span class=\"uagb-question\">1. <strong>Cum se face livrarea?<\/strong><\/span><\/div><div class=\"uagb-faq-content\"><p>Livrarea unui frigider pentru decedat cu 2 sau 3 locuri se poate efectua la agen\u021bia dumneavoastr\u0103 de pompe funebre. Pentru a calcula costul exact al livr\u0103rii, este necesar s\u0103 \u00eenmul\u021bi\u021bi num\u0103rul de kilometri \u00een ambele direc\u021bii din ora\u0219ul Plovdiv p\u00e2n\u0103 la domiciliu cu pre\u021bul pe kilometru de 0,6 EUR. De exemplu, livrarea la Bucure\u0219ti se calculeaz\u0103 astfel: 380 \u00eenmul\u021bit cu 2 = 720 \u00eenmul\u021bit cu 0,6 EUR = 432 EUR f\u0103r\u0103 TVA.<\/p><\/div><\/div><div class=\"wp-block-uagb-faq-child uagb-faq-child__outer-wrap uagb-faq-item uagb-block-accee1dd \" role=\"tab\" tabindex=\"0\"><div class=\"uagb-faq-questions-button uagb-faq-questions\">\t\t\t<span class=\"uagb-icon uagb-faq-icon-wrap\">\n\t\t\t\t\t\t\t\t<svg xmlns=\"https:\/\/www.w3.org\/2000\/svg\" viewbox=\"0 0 448 512\"><path d=\"M432 256c0 17.69-14.33 32.01-32 32.01H256v144c0 17.69-14.33 31.99-32 31.99s-32-14.3-32-31.99v-144H48c-17.67 0-32-14.32-32-32.01s14.33-31.99 32-31.99H192v-144c0-17.69 14.33-32.01 32-32.01s32 14.32 32 32.01v144h144C417.7 224 432 238.3 432 256z\"><\/path><\/svg>\n\t\t\t\t\t\t\t<\/span>\n\t\t\t\t\t\t<span class=\"uagb-icon-active uagb-faq-icon-wrap\">\n\t\t\t\t\t\t\t\t<svg xmlns=\"https:\/\/www.w3.org\/2000\/svg\" viewbox=\"0 0 448 512\"><path d=\"M400 288h-352c-17.69 0-32-14.32-32-32.01s14.31-31.99 32-31.99h352c17.69 0 32 14.3 32 31.99S417.7 288 400 288z\"><\/path><\/svg>\n\t\t\t\t\t\t\t<\/span>\n\t\t\t<span class=\"uagb-question\"><strong>2.Am nevoie de vreo ajustare dup\u0103 ce \u00eel deschid pentru prima dat\u0103?<\/strong><\/span><\/div><div class=\"uagb-faq-content\"><p>Nu trebuie s\u0103 face\u021bi nimic \u00een afar\u0103 de a conecta \u0219i a ap\u0103sa butonul \u00een form\u0103 de cerc.<br>C\u00e2nd se afi\u0219eaz\u0103 ON, sistemul va func\u021biona.<br>Ventilatoarele se vor porni dup\u0103 aproximativ un minut.<\/p><\/div><\/div><div class=\"wp-block-uagb-faq-child uagb-faq-child__outer-wrap uagb-faq-item uagb-block-9a046da8 \" role=\"tab\" tabindex=\"0\"><div class=\"uagb-faq-questions-button uagb-faq-questions\">\t\t\t<span class=\"uagb-icon uagb-faq-icon-wrap\">\n\t\t\t\t\t\t\t\t<svg xmlns=\"https:\/\/www.w3.org\/2000\/svg\" viewbox=\"0 0 448 512\"><path d=\"M432 256c0 17.69-14.33 32.01-32 32.01H256v144c0 17.69-14.33 31.99-32 31.99s-32-14.3-32-31.99v-144H48c-17.67 0-32-14.32-32-32.01s14.33-31.99 32-31.99H192v-144c0-17.69 14.33-32.01 32-32.01s32 14.32 32 32.01v144h144C417.7 224 432 238.3 432 256z\"><\/path><\/svg>\n\t\t\t\t\t\t\t<\/span>\n\t\t\t\t\t\t<span class=\"uagb-icon-active uagb-faq-icon-wrap\">\n\t\t\t\t\t\t\t\t<svg xmlns=\"https:\/\/www.w3.org\/2000\/svg\" viewbox=\"0 0 448 512\"><path d=\"M400 288h-352c-17.69 0-32-14.32-32-32.01s14.31-31.99 32-31.99h352c17.69 0 32 14.3 32 31.99S417.7 288 400 288z\"><\/path><\/svg>\n\t\t\t\t\t\t\t<\/span>\n\t\t\t<span class=\"uagb-question\"><strong>3.Cum pot avea \u00eencredere \u00een tine? Nu v\u0103 cunosc?<\/strong><\/span><\/div><div class=\"uagb-faq-content\"><p>Poate cunoa\u0219te\u021bi c\u00e2\u021biva dintre clien\u021bii no\u0219tri.<br>Vede\u021bi cine sunt ace\u0219tia AICI \u0219i folosi\u021bi linkul c\u0103tre messenger de sub numele lor. Lua\u021bi leg\u0103tura \u0219i \u00eentreba\u021bi de noi.<\/p><\/div><\/div><\/div><\/div>\n\n\n\n<div class=\"wp-block-column eplus-wrapper is-layout-flow wp-block-column-is-layout-flow\">\n<figure class=\" wp-block-image size-full eplus-wrapper\"><img loading=\"lazy\" decoding=\"async\" width=\"351\" height=\"418\" src=\"https:\/\/bodystorer.com\/wp-content\/uploads\/2025\/11\/h-k-s-koli4ka.png\" alt=\"\" class=\"wp-image-2072\"><\/figure>\n<\/div>\n<\/div>","protected":false},"excerpt":{"rendered":"","protected":false},"author":1,"featured_media":357,"parent":0,"menu_order":0,"comment_status":"closed","ping_status":"closed","template":"","meta":{"_uag_custom_page_level_css":"","editor_plus_copied_stylings":"{}","footnotes":""},"class_list":["post-1409","page","type-page","status-publish","has-post-thumbnail"],"yoast_head":"<!-- This site is optimized with the Yoast SEO plugin v21.0 - https:\/\/yoast.com\/wordpress\/plugins\/seo\/ -->\n<title>\u00centreb\u0103ri frecvente - Body storer<\/title>\n<meta name=\"robots\" content=\"index, follow, max-snippet:-1, max-image-preview:large, max-video-preview:-1\" \/>\n<link rel=\"canonical\" href=\"https:\/\/bodystorer.com\/ro\/intrebari-frecvente\/\" \/>\n<meta property=\"og:locale\" content=\"ro_RO\" \/>\n<meta property=\"og:type\" content=\"article\" \/>\n<meta property=\"og:title\" content=\"\u00centreb\u0103ri frecvente - Body storer\" \/>\n<meta property=\"og:url\" content=\"https:\/\/bodystorer.com\/ro\/intrebari-frecvente\/\" \/>\n<meta property=\"og:site_name\" content=\"Body storer\" \/>\n<meta property=\"article:modified_time\" content=\"2025-11-14T05:07:33+00:00\" \/>\n<meta property=\"og:image\" content=\"https:\/\/bodystorer.com\/wp-content\/uploads\/2023\/05\/ramses-1s.jpg\" \/>\n\t<meta property=\"og:image:width\" content=\"1333\" \/>\n\t<meta property=\"og:image:height\" content=\"864\" \/>\n\t<meta property=\"og:image:type\" content=\"image\/jpeg\" \/>\n<meta name=\"twitter:card\" content=\"summary_large_image\" \/>\n<meta name=\"twitter:label1\" content=\"Timp estimat pentru citire\" \/>\n\t<meta name=\"twitter:data1\" content=\"1 minut\" \/>\n<script type=\"application\/ld+json\" class=\"yoast-schema-graph\">{\"@context\":\"https:\/\/schema.org\",\"@graph\":[{\"@type\":\"WebPage\",\"@id\":\"https:\/\/bodystorer.com\/ro\/intrebari-frecvente\/\",\"url\":\"https:\/\/bodystorer.com\/ro\/intrebari-frecvente\/\",\"name\":\"\u00centreb\u0103ri frecvente - Body storer\",\"isPartOf\":{\"@id\":\"https:\/\/bodystorer.com\/#website\"},\"datePublished\":\"2023-11-13T08:21:52+00:00\",\"dateModified\":\"2025-11-14T05:07:33+00:00\",\"breadcrumb\":{\"@id\":\"https:\/\/bodystorer.com\/ro\/intrebari-frecvente\/#breadcrumb\"},\"inLanguage\":\"ro-RO\",\"potentialAction\":[{\"@type\":\"ReadAction\",\"target\":[\"https:\/\/bodystorer.com\/ro\/intrebari-frecvente\/\"]}]},{\"@type\":\"BreadcrumbList\",\"@id\":\"https:\/\/bodystorer.com\/ro\/intrebari-frecvente\/#breadcrumb\",\"itemListElement\":[{\"@type\":\"ListItem\",\"position\":1,\"name\":\"Home\",\"item\":\"https:\/\/bodystorer.com\/ro\/\"},{\"@type\":\"ListItem\",\"position\":2,\"name\":\"\u00centreb\u0103ri frecvente\"}]},{\"@type\":\"WebSite\",\"@id\":\"https:\/\/bodystorer.com\/#website\",\"url\":\"https:\/\/bodystorer.com\/\",\"name\":\"Body storer\",\"description\":\"\",\"publisher\":{\"@id\":\"https:\/\/bodystorer.com\/#organization\"},\"potentialAction\":[{\"@type\":\"SearchAction\",\"target\":{\"@type\":\"EntryPoint\",\"urlTemplate\":\"https:\/\/bodystorer.com\/?s={search_term_string}\"},\"query-input\":\"required name=search_term_string\"}],\"inLanguage\":\"ro-RO\"},{\"@type\":\"Organization\",\"@id\":\"https:\/\/bodystorer.com\/#organization\",\"name\":\"Body storer\",\"url\":\"https:\/\/bodystorer.com\/\",\"logo\":{\"@type\":\"ImageObject\",\"inLanguage\":\"ro-RO\",\"@id\":\"https:\/\/bodystorer.com\/#\/schema\/logo\/image\/\",\"url\":\"https:\/\/bodystorer.com\/wp-content\/uploads\/2023\/04\/bodystorer-logo-colour-2000px.png\",\"contentUrl\":\"https:\/\/bodystorer.com\/wp-content\/uploads\/2023\/04\/bodystorer-logo-colour-2000px.png\",\"width\":2000,\"height\":270,\"caption\":\"Body storer\"},\"image\":{\"@id\":\"https:\/\/bodystorer.com\/#\/schema\/logo\/image\/\"}}]}<\/script>\n<!-- \/ Yoast SEO plugin. -->","yoast_head_json":{"title":"\u00centreb\u0103ri frecvente - Body storer","robots":{"index":"index","follow":"follow","max-snippet":"max-snippet:-1","max-image-preview":"max-image-preview:large","max-video-preview":"max-video-preview:-1"},"canonical":"https:\/\/bodystorer.com\/ro\/intrebari-frecvente\/","og_locale":"ro_RO","og_type":"article","og_title":"\u00centreb\u0103ri frecvente - Body storer","og_url":"https:\/\/bodystorer.com\/ro\/intrebari-frecvente\/","og_site_name":"Body storer","article_modified_time":"2025-11-14T05:07:33+00:00","og_image":[{"width":1333,"height":864,"url":"https:\/\/bodystorer.com\/wp-content\/uploads\/2023\/05\/ramses-1s.jpg","type":"image\/jpeg"}],"twitter_card":"summary_large_image","twitter_misc":{"Timp estimat pentru citire":"1 minut"},"schema":{"@context":"https:\/\/schema.org","@graph":[{"@type":"WebPage","@id":"https:\/\/bodystorer.com\/ro\/intrebari-frecvente\/","url":"https:\/\/bodystorer.com\/ro\/intrebari-frecvente\/","name":"\u00centreb\u0103ri frecvente - Body storer","isPartOf":{"@id":"https:\/\/bodystorer.com\/#website"},"datePublished":"2023-11-13T08:21:52+00:00","dateModified":"2025-11-14T05:07:33+00:00","breadcrumb":{"@id":"https:\/\/bodystorer.com\/ro\/intrebari-frecvente\/#breadcrumb"},"inLanguage":"ro-RO","potentialAction":[{"@type":"ReadAction","target":["https:\/\/bodystorer.com\/ro\/intrebari-frecvente\/"]}]},{"@type":"BreadcrumbList","@id":"https:\/\/bodystorer.com\/ro\/intrebari-frecvente\/#breadcrumb","itemListElement":[{"@type":"ListItem","position":1,"name":"Home","item":"https:\/\/bodystorer.com\/ro\/"},{"@type":"ListItem","position":2,"name":"\u00centreb\u0103ri frecvente"}]},{"@type":"WebSite","@id":"https:\/\/bodystorer.com\/#website","url":"https:\/\/bodystorer.com\/","name":"Body storer","description":"","publisher":{"@id":"https:\/\/bodystorer.com\/#organization"},"potentialAction":[{"@type":"SearchAction","target":{"@type":"EntryPoint","urlTemplate":"https:\/\/bodystorer.com\/?s={search_term_string}"},"query-input":"required name=search_term_string"}],"inLanguage":"ro-RO"},{"@type":"Organization","@id":"https:\/\/bodystorer.com\/#organization","name":"Body storer","url":"https:\/\/bodystorer.com\/","logo":{"@type":"ImageObject","inLanguage":"ro-RO","@id":"https:\/\/bodystorer.com\/#\/schema\/logo\/image\/","url":"https:\/\/bodystorer.com\/wp-content\/uploads\/2023\/04\/bodystorer-logo-colour-2000px.png","contentUrl":"https:\/\/bodystorer.com\/wp-content\/uploads\/2023\/04\/bodystorer-logo-colour-2000px.png","width":2000,"height":270,"caption":"Body storer"},"image":{"@id":"https:\/\/bodystorer.com\/#\/schema\/logo\/image\/"}}]}},"uagb_featured_image_src":{"full":["https:\/\/bodystorer.com\/wp-content\/uploads\/2023\/05\/ramses-1s.jpg",1333,864,false],"thumbnail":["https:\/\/bodystorer.com\/wp-content\/uploads\/2023\/05\/ramses-1s-150x150.jpg",150,150,true],"medium":["https:\/\/bodystorer.com\/wp-content\/uploads\/2023\/05\/ramses-1s-300x194.jpg",300,194,true],"medium_large":["https:\/\/bodystorer.com\/wp-content\/uploads\/2023\/05\/ramses-1s-768x498.jpg",768,498,true],"large":["https:\/\/bodystorer.com\/wp-content\/uploads\/2023\/05\/ramses-1s-1024x664.jpg",1024,664,true],"1536x1536":["https:\/\/bodystorer.com\/wp-content\/uploads\/2023\/05\/ramses-1s.jpg",1333,864,false],"2048x2048":["https:\/\/bodystorer.com\/wp-content\/uploads\/2023\/05\/ramses-1s.jpg",1333,864,false]},"uagb_author_info":{"display_name":"nadmin","author_link":"https:\/\/bodystorer.com\/ro\/author\/nadmin\/"},"uagb_comment_info":0,"uagb_excerpt":null,"_links":{"self":[{"href":"https:\/\/bodystorer.com\/ro\/wp-json\/wp\/v2\/pages\/1409","targetHints":{"allow":["GET"]}}],"collection":[{"href":"https:\/\/bodystorer.com\/ro\/wp-json\/wp\/v2\/pages"}],"about":[{"href":"https:\/\/bodystorer.com\/ro\/wp-json\/wp\/v2\/types\/page"}],"author":[{"embeddable":true,"href":"https:\/\/bodystorer.com\/ro\/wp-json\/wp\/v2\/users\/1"}],"replies":[{"embeddable":true,"href":"https:\/\/bodystorer.com\/ro\/wp-json\/wp\/v2\/comments?post=1409"}],"version-history":[{"count":3,"href":"https:\/\/bodystorer.com\/ro\/wp-json\/wp\/v2\/pages\/1409\/revisions"}],"predecessor-version":[{"id":2080,"href":"https:\/\/bodystorer.com\/ro\/wp-json\/wp\/v2\/pages\/1409\/revisions\/2080"}],"wp:featuredmedia":[{"embeddable":true,"href":"https:\/\/bodystorer.com\/ro\/wp-json\/wp\/v2\/media\/357"}],"wp:attachment":[{"href":"https:\/\/bodystorer.com\/ro\/wp-json\/wp\/v2\/media?parent=1409"}],"curies":[{"name":"wp","href":"https:\/\/api.w.org\/{rel}","templated":true}]}}